{"id":7337,"date":"2024-06-10T08:30:09","date_gmt":"2024-06-10T08:30:09","guid":{"rendered":"https:\/\/aperahealth.com\/politica-de-confidentialitate\/"},"modified":"2025-08-06T13:37:32","modified_gmt":"2025-08-06T13:37:32","slug":"politica-de-confidentialitate","status":"publish","type":"page","link":"https:\/\/aperahealth.com\/ro\/politica-de-confidentialitate\/","title":{"rendered":"Politica de Confidentialitate"},"content":{"rendered":"\t\t<div data-elementor-type=\"wp-page\" data-elementor-id=\"7337\" class=\"elementor elementor-7337 elementor-39\" data-elementor-post-type=\"page\">\n\t\t\t\t<div class=\"elementor-element elementor-element-1f7e47a e-flex e-con-boxed e-con e-parent\" data-id=\"1f7e47a\" data-element_type=\"container\" data-e-type=\"container\" data-settings=\"{&quot;jet_parallax_layout_list&quot;:[]}\">\n\t\t\t\t\t<div class=\"e-con-inner\">\n\t\t\t\t<div class=\"elementor-element elementor-element-790a6c5 elementor-widget elementor-widget-heading\" data-id=\"790a6c5\" data-element_type=\"widget\" data-e-type=\"widget\" data-widget_type=\"heading.default\">\n\t\t\t\t<div class=\"elementor-widget-container\">\n\t\t\t\t\t<h2 class=\"elementor-heading-title elementor-size-default\"><span style=\"font-family: inherit;font-size: inherit;font-style: inherit;font-weight: inherit\">At <\/span><strong data-start=\"237\" data-end=\"253\" style=\"font-family: inherit;font-size: inherit;font-style: inherit\">Apera Health<\/strong><span style=\"font-family: inherit;font-size: inherit;font-style: inherit;font-weight: inherit\">, we value your privacy and are committed to protecting your personal information. This Privacy Policy explains how we collect, use, store, and safeguard your data when you interact with our website <\/span><strong data-start=\"452\" data-end=\"475\" style=\"font-family: inherit;font-size: inherit;font-style: inherit\"><a data-start=\"454\" data-end=\"473\" rel=\"noopener\" target=\"_new\" href=\"http:\/\/www.aperahealth.com\">www.aperahealth.com<\/a><\/strong><span style=\"font-family: inherit;font-size: inherit;font-style: inherit;font-weight: inherit\">.<\/span><br>\n<h3 data-start=\"478\" data-end=\"507\">1. Information We Collect<\/h3>\n<p data-start=\"509\" data-end=\"564\">We collect the following types of personal information:<\/p>\n<ul data-start=\"566\" data-end=\"664\">\n<li data-start=\"566\" data-end=\"579\">\n<p data-start=\"568\" data-end=\"579\">Full name<\/p>\n<\/li>\n<li data-start=\"580\" data-end=\"597\">\n<p data-start=\"582\" data-end=\"597\">Email address<\/p>\n<\/li>\n<li data-start=\"598\" data-end=\"664\">\n<p data-start=\"600\" data-end=\"664\">Medical information provided during inquiries or consultations<\/p>\n<\/li>\n<\/ul>\n<h3 data-start=\"666\" data-end=\"693\">2. How We Use Your Data<\/h3>\n<p data-start=\"695\" data-end=\"755\">We use your personal information for the following purposes:<\/p>\n<ul data-start=\"757\" data-end=\"975\">\n<li data-start=\"757\" data-end=\"804\">\n<p data-start=\"759\" data-end=\"804\">To provide and manage medical consultations<\/p>\n<\/li>\n<li data-start=\"805\" data-end=\"855\">\n<p data-start=\"807\" data-end=\"855\">To analyze usage data for statistical purposes<\/p>\n<\/li>\n<li data-start=\"856\" data-end=\"903\">\n<p data-start=\"858\" data-end=\"903\">To improve our services and user experience<\/p>\n<\/li>\n<li data-start=\"904\" data-end=\"975\">\n<p data-start=\"906\" data-end=\"975\">To send relevant marketing communications (where legally permitted)<\/p>\n<\/li>\n<\/ul>\n<h3 data-start=\"977\" data-end=\"1010\">3. Data Access and Disclosure<\/h3>\n<p data-start=\"1012\" data-end=\"1161\">Access to your personal data is strictly limited to authorized <strong data-start=\"1075\" data-end=\"1091\">Apera Health<\/strong> employees. We do not share, sell, or rent your data to third parties.<\/p>\n<h3 data-start=\"1163\" data-end=\"1195\">4. Data Storage and Security<\/h3>\n<p data-start=\"1197\" data-end=\"1444\">Your information is securely stored in our internal CRM (Customer Relationship Management) system. We implement reasonable technical and organizational measures to protect your data from unauthorized access, disclosure, alteration, or destruction.<\/p>\n<h3 data-start=\"1446\" data-end=\"1464\">5. User Rights<\/h3>\n<p data-start=\"1466\" data-end=\"1652\">Currently, we do not provide a user-facing interface for accessing, correcting, or deleting your personal data. However, you may contact us directly for any requests regarding your data.<\/p>\n<h3 data-start=\"1654\" data-end=\"1675\">6. Data Retention<\/h3>\n<p data-start=\"1677\" data-end=\"1801\">We retain your personal data for a period of <strong data-start=\"1722\" data-end=\"1734\">10 years<\/strong>, unless a longer retention period is required or permitted by law.<\/p>\n<h3 data-start=\"1803\" data-end=\"1838\">7. Legal Basis and Jurisdiction<\/h3>\n<p data-start=\"1840\" data-end=\"1997\">This Privacy Policy is governed by the data protection laws of <strong data-start=\"1903\" data-end=\"1913\">Turkey<\/strong>, in accordance with the <strong data-start=\"1938\" data-end=\"1996\">Law on the Protection of Personal Data No. 6698 (KVKK)<\/strong>.<\/p>\n<h3 data-start=\"1999\" data-end=\"2016\">8. Contact Us<\/h3>\n<p data-start=\"2018\" data-end=\"2132\">If you have any questions or concerns about this Privacy Policy or how your data is handled, please contact us at:<\/p>\n<p data-start=\"2134\" data-end=\"2260\"><strong data-start=\"2134\" data-end=\"2144\">Email:<\/strong> <a href=\"mailto:contact@aperahealthgroup.com\" style=\"font-family: ct_font_area__normal, sans-serif;font-size: 22px;font-weight: 400\">contact@aperahealthgroup.com<\/a><br data-start=\"2167\" data-end=\"2170\">\n<strong data-start=\"2170\" data-end=\"2180\">Phone:<\/strong> <a href=\"tel:+90%20850%20241%2070%2078\" style=\"font-family: ct_font_area__normal, sans-serif;font-size: 22px;font-weight: 400\">+90 850 241 70 78<\/a><br data-start=\"2204\" data-end=\"2207\">\n<strong data-start=\"2207\" data-end=\"2219\">Address:<\/strong> [K\u00fc\u00e7\u00fckbakkalk\u00f6y Neighborhood, Nergis Street No: 11, Apera Plaza, Ata\u015fehir, Istanbul, Turkey]<\/p>\n<\/h2>\t\t\t\t<\/div>\n\t\t\t\t<\/div>\n\t\t\t\t\t<\/div>\n\t\t\t\t<\/div>\n\t\t\t\t<\/div>\n\t\t","protected":false},"excerpt":{"rendered":"","protected":false},"author":1,"featured_media":0,"parent":0,"menu_order":0,"comment_status":"closed","ping_status":"closed","template":"","meta":{"_crdt_document":"","footnotes":""},"class_list":["post-7337","page","type-page","status-publish","hentry"],"blocksy_meta":[],"yoast_head":"<!-- This site is optimized with the Yoast SEO plugin v27.2 - https:\/\/yoast.com\/product\/yoast-seo-wordpress\/ -->\n<title>Politica de Confidentialitate - Apera Health Group<\/title>\n<meta name=\"robots\" content=\"index, follow, max-snippet:-1, max-image-preview:large, max-video-preview:-1\" \/>\n<link rel=\"canonical\" href=\"https:\/\/aperahealth.com\/ro\/politica-de-confidentialitate\/\" \/>\n<meta property=\"og:locale\" content=\"ro_RO\" \/>\n<meta property=\"og:type\" content=\"article\" \/>\n<meta property=\"og:title\" content=\"Politica de Confidentialitate - Apera Health Group\" \/>\n<meta property=\"og:url\" content=\"https:\/\/aperahealth.com\/ro\/politica-de-confidentialitate\/\" \/>\n<meta property=\"og:site_name\" content=\"Apera Health Group\" \/>\n<meta property=\"article:publisher\" content=\"https:\/\/www.facebook.com\/aperahealthgroup\/\" \/>\n<meta property=\"article:modified_time\" content=\"2025-08-06T13:37:32+00:00\" \/>\n<meta name=\"twitter:card\" content=\"summary_large_image\" \/>\n<script type=\"application\/ld+json\" class=\"yoast-schema-graph\">{\"@context\":\"https:\/\/schema.org\",\"@graph\":[{\"@type\":\"WebPage\",\"@id\":\"https:\/\/aperahealth.com\/ro\/politica-de-confidentialitate\/\",\"url\":\"https:\/\/aperahealth.com\/ro\/politica-de-confidentialitate\/\",\"name\":\"Politica de Confidentialitate - Apera Health Group\",\"isPartOf\":{\"@id\":\"https:\/\/aperahealth.com\/ro\/#website\"},\"datePublished\":\"2024-06-10T08:30:09+00:00\",\"dateModified\":\"2025-08-06T13:37:32+00:00\",\"breadcrumb\":{\"@id\":\"https:\/\/aperahealth.com\/ro\/politica-de-confidentialitate\/#breadcrumb\"},\"inLanguage\":\"ro-RO\",\"potentialAction\":[{\"@type\":\"ReadAction\",\"target\":[\"https:\/\/aperahealth.com\/ro\/politica-de-confidentialitate\/\"]}]},{\"@type\":\"BreadcrumbList\",\"@id\":\"https:\/\/aperahealth.com\/ro\/politica-de-confidentialitate\/#breadcrumb\",\"itemListElement\":[{\"@type\":\"ListItem\",\"position\":1,\"name\":\"Home\",\"item\":\"https:\/\/aperahealth.com\/ro\/acasa-2\/\"},{\"@type\":\"ListItem\",\"position\":2,\"name\":\"Politica de Confidentialitate\"}]},{\"@type\":\"WebSite\",\"@id\":\"https:\/\/aperahealth.com\/ro\/#website\",\"url\":\"https:\/\/aperahealth.com\/ro\/\",\"name\":\"Apera Health Group\",\"description\":\"\",\"publisher\":{\"@id\":\"https:\/\/aperahealth.com\/ro\/#organization\"},\"potentialAction\":[{\"@type\":\"SearchAction\",\"target\":{\"@type\":\"EntryPoint\",\"urlTemplate\":\"https:\/\/aperahealth.com\/ro\/?s={search_term_string}\"},\"query-input\":{\"@type\":\"PropertyValueSpecification\",\"valueRequired\":true,\"valueName\":\"search_term_string\"}}],\"inLanguage\":\"ro-RO\"},{\"@type\":\"Organization\",\"@id\":\"https:\/\/aperahealth.com\/ro\/#organization\",\"name\":\"Apera Health Group\",\"url\":\"https:\/\/aperahealth.com\/ro\/\",\"logo\":{\"@type\":\"ImageObject\",\"inLanguage\":\"ro-RO\",\"@id\":\"https:\/\/aperahealth.com\/ro\/#\/schema\/logo\/image\/\",\"url\":\"https:\/\/aperahealth.com\/wp-content\/uploads\/2024\/06\/apera-health-group-logo.png\",\"contentUrl\":\"https:\/\/aperahealth.com\/wp-content\/uploads\/2024\/06\/apera-health-group-logo.png\",\"width\":367,\"height\":99,\"caption\":\"Apera Health Group\"},\"image\":{\"@id\":\"https:\/\/aperahealth.com\/ro\/#\/schema\/logo\/image\/\"},\"sameAs\":[\"https:\/\/www.facebook.com\/aperahealthgroup\/\",\"https:\/\/www.instagram.com\/aperahealthgroup\/\",\"https:\/\/www.youtube.com\/@aperahealthgroup\"]}]}<\/script>\n<!-- \/ Yoast SEO plugin. -->","yoast_head_json":{"title":"Politica de Confidentialitate - Apera Health Group","robots":{"index":"index","follow":"follow","max-snippet":"max-snippet:-1","max-image-preview":"max-image-preview:large","max-video-preview":"max-video-preview:-1"},"canonical":"https:\/\/aperahealth.com\/ro\/politica-de-confidentialitate\/","og_locale":"ro_RO","og_type":"article","og_title":"Politica de Confidentialitate - Apera Health Group","og_url":"https:\/\/aperahealth.com\/ro\/politica-de-confidentialitate\/","og_site_name":"Apera Health Group","article_publisher":"https:\/\/www.facebook.com\/aperahealthgroup\/","article_modified_time":"2025-08-06T13:37:32+00:00","twitter_card":"summary_large_image","schema":{"@context":"https:\/\/schema.org","@graph":[{"@type":"WebPage","@id":"https:\/\/aperahealth.com\/ro\/politica-de-confidentialitate\/","url":"https:\/\/aperahealth.com\/ro\/politica-de-confidentialitate\/","name":"Politica de Confidentialitate - Apera Health Group","isPartOf":{"@id":"https:\/\/aperahealth.com\/ro\/#website"},"datePublished":"2024-06-10T08:30:09+00:00","dateModified":"2025-08-06T13:37:32+00:00","breadcrumb":{"@id":"https:\/\/aperahealth.com\/ro\/politica-de-confidentialitate\/#breadcrumb"},"inLanguage":"ro-RO","potentialAction":[{"@type":"ReadAction","target":["https:\/\/aperahealth.com\/ro\/politica-de-confidentialitate\/"]}]},{"@type":"BreadcrumbList","@id":"https:\/\/aperahealth.com\/ro\/politica-de-confidentialitate\/#breadcrumb","itemListElement":[{"@type":"ListItem","position":1,"name":"Home","item":"https:\/\/aperahealth.com\/ro\/acasa-2\/"},{"@type":"ListItem","position":2,"name":"Politica de Confidentialitate"}]},{"@type":"WebSite","@id":"https:\/\/aperahealth.com\/ro\/#website","url":"https:\/\/aperahealth.com\/ro\/","name":"Apera Health Group","description":"","publisher":{"@id":"https:\/\/aperahealth.com\/ro\/#organization"},"potentialAction":[{"@type":"SearchAction","target":{"@type":"EntryPoint","urlTemplate":"https:\/\/aperahealth.com\/ro\/?s={search_term_string}"},"query-input":{"@type":"PropertyValueSpecification","valueRequired":true,"valueName":"search_term_string"}}],"inLanguage":"ro-RO"},{"@type":"Organization","@id":"https:\/\/aperahealth.com\/ro\/#organization","name":"Apera Health Group","url":"https:\/\/aperahealth.com\/ro\/","logo":{"@type":"ImageObject","inLanguage":"ro-RO","@id":"https:\/\/aperahealth.com\/ro\/#\/schema\/logo\/image\/","url":"https:\/\/aperahealth.com\/wp-content\/uploads\/2024\/06\/apera-health-group-logo.png","contentUrl":"https:\/\/aperahealth.com\/wp-content\/uploads\/2024\/06\/apera-health-group-logo.png","width":367,"height":99,"caption":"Apera Health Group"},"image":{"@id":"https:\/\/aperahealth.com\/ro\/#\/schema\/logo\/image\/"},"sameAs":["https:\/\/www.facebook.com\/aperahealthgroup\/","https:\/\/www.instagram.com\/aperahealthgroup\/","https:\/\/www.youtube.com\/@aperahealthgroup"]}]}},"_links":{"self":[{"href":"https:\/\/aperahealth.com\/ro\/wp-json\/wp\/v2\/pages\/7337","targetHints":{"allow":["GET"]}}],"collection":[{"href":"https:\/\/aperahealth.com\/ro\/wp-json\/wp\/v2\/pages"}],"about":[{"href":"https:\/\/aperahealth.com\/ro\/wp-json\/wp\/v2\/types\/page"}],"author":[{"embeddable":true,"href":"https:\/\/aperahealth.com\/ro\/wp-json\/wp\/v2\/users\/1"}],"replies":[{"embeddable":true,"href":"https:\/\/aperahealth.com\/ro\/wp-json\/wp\/v2\/comments?post=7337"}],"version-history":[{"count":2,"href":"https:\/\/aperahealth.com\/ro\/wp-json\/wp\/v2\/pages\/7337\/revisions"}],"predecessor-version":[{"id":15081,"href":"https:\/\/aperahealth.com\/ro\/wp-json\/wp\/v2\/pages\/7337\/revisions\/15081"}],"wp:attachment":[{"href":"https:\/\/aperahealth.com\/ro\/wp-json\/wp\/v2\/media?parent=7337"}],"curies":[{"name":"wp","href":"https:\/\/api.w.org\/{rel}","templated":true}]}}