{"id":13703,"date":"2024-08-20T12:53:13","date_gmt":"2024-08-20T12:53:13","guid":{"rendered":"https:\/\/aperahealth.com\/va-multumim\/"},"modified":"2025-08-06T13:37:54","modified_gmt":"2025-08-06T13:37:54","slug":"thank-you-ro","status":"publish","type":"page","link":"https:\/\/aperahealth.com\/ro\/thank-you-ro\/","title":{"rendered":"Va multumim"},"content":{"rendered":"\t\t<div data-elementor-type=\"wp-page\" data-elementor-id=\"13703\" class=\"elementor elementor-13703 elementor-13663\" data-elementor-post-type=\"page\">\n\t\t\t\t<div class=\"elementor-element elementor-element-a325460 e-flex e-con-boxed e-con e-parent\" data-id=\"a325460\" data-element_type=\"container\" data-e-type=\"container\" data-settings=\"{&quot;jet_parallax_layout_list&quot;:[]}\">\n\t\t\t\t\t<div class=\"e-con-inner\">\n\t\t\t\t\t<\/div>\n\t\t\t\t<\/div>\n\t\t<div class=\"elementor-element elementor-element-3de920d e-flex e-con-boxed e-con e-parent\" data-id=\"3de920d\" data-element_type=\"container\" data-e-type=\"container\" data-settings=\"{&quot;jet_parallax_layout_list&quot;:[]}\">\n\t\t\t\t\t<div class=\"e-con-inner\">\n\t\t\t\t<div class=\"elementor-element elementor-element-3b4ad7f elementor-widget elementor-widget-heading\" data-id=\"3b4ad7f\" data-element_type=\"widget\" data-e-type=\"widget\" data-widget_type=\"heading.default\">\n\t\t\t\t<div class=\"elementor-widget-container\">\n\t\t\t\t\t<h2 class=\"elementor-heading-title elementor-size-default\">V\u0102 MUL\u021aUMESC!<\/h2>\t\t\t\t<\/div>\n\t\t\t\t<\/div>\n\t\t\t\t<div class=\"elementor-element elementor-element-2abd821 elementor-widget elementor-widget-text-editor\" data-id=\"2abd821\" data-element_type=\"widget\" data-e-type=\"widget\" data-widget_type=\"text-editor.default\">\n\t\t\t\t<div class=\"elementor-widget-container\">\n\t\t\t\t\t\t\t\t\t<h5 style=\"text-align: center;\">,<br \/>Am primit solicitarea dumneavoastr\u0103 \u0219i v\u0103 vom contacta \u00een cur\u00e2nd la .<\/h5>\n\t\t\t\t\t\t\t\t<\/div>\n\t\t\t\t<\/div>\n\t\t\t\t<div class=\"elementor-element elementor-element-4dc31b3 elementor-align-center elementor-widget elementor-widget-button\" data-id=\"4dc31b3\" data-element_type=\"widget\" data-e-type=\"widget\" data-widget_type=\"button.default\">\n\t\t\t\t<div class=\"elementor-widget-container\">\n\t\t\t\t\t\t\t\t\t<div class=\"elementor-button-wrapper\">\n\t\t\t\t\t<a class=\"elementor-button elementor-button-link elementor-size-sm\" href=\"https:\/\/api.whatsapp.com\/send?phone=905496408431\">\n\t\t\t\t\t\t<span class=\"elementor-button-content-wrapper\">\n\t\t\t\t\t\t\t\t\t<span class=\"elementor-button-text\">Face\u021bi clic pentru Whatsapp<\/span>\n\t\t\t\t\t<\/span>\n\t\t\t\t\t<\/a>\n\t\t\t\t<\/div>\n\t\t\t\t\t\t\t\t<\/div>\n\t\t\t\t<\/div>\n\t\t\t\t\t<\/div>\n\t\t\t\t<\/div>\n\t\t\t\t<\/div>\n\t\t","protected":false},"excerpt":{"rendered":"<p>V? MUL?UMESC! ,Am primit solicitarea dumneavoastr? ?i v? vom contacta n curnd la . Face?i clic pentru Whatsapp<\/p>\n","protected":false},"author":1,"featured_media":0,"parent":0,"menu_order":0,"comment_status":"closed","ping_status":"closed","template":"elementor_header_footer","meta":{"_crdt_document":"","footnotes":""},"class_list":["post-13703","page","type-page","status-publish","hentry"],"blocksy_meta":[],"yoast_head":"<!-- This site is optimized with the Yoast SEO plugin v27.2 - https:\/\/yoast.com\/product\/yoast-seo-wordpress\/ -->\n<title>Va multumim - Apera Health Group<\/title>\n<meta name=\"robots\" content=\"index, follow, max-snippet:-1, max-image-preview:large, max-video-preview:-1\" \/>\n<link rel=\"canonical\" href=\"https:\/\/aperahealth.com\/ro\/thank-you-ro\/\" \/>\n<meta property=\"og:locale\" content=\"ro_RO\" \/>\n<meta property=\"og:type\" content=\"article\" \/>\n<meta property=\"og:title\" content=\"Va multumim - Apera Health Group\" \/>\n<meta property=\"og:description\" content=\"V? MUL?UMESC! ,Am primit solicitarea dumneavoastr? ?i v? vom contacta n curnd la . Face?i clic pentru Whatsapp\" \/>\n<meta property=\"og:url\" content=\"https:\/\/aperahealth.com\/ro\/thank-you-ro\/\" \/>\n<meta property=\"og:site_name\" content=\"Apera Health Group\" \/>\n<meta property=\"article:publisher\" content=\"https:\/\/www.facebook.com\/aperahealthgroup\/\" \/>\n<meta property=\"article:modified_time\" content=\"2025-08-06T13:37:54+00:00\" \/>\n<meta name=\"twitter:card\" content=\"summary_large_image\" \/>\n<script type=\"application\/ld+json\" class=\"yoast-schema-graph\">{\"@context\":\"https:\/\/schema.org\",\"@graph\":[{\"@type\":\"WebPage\",\"@id\":\"https:\/\/aperahealth.com\/ro\/thank-you-ro\/\",\"url\":\"https:\/\/aperahealth.com\/ro\/thank-you-ro\/\",\"name\":\"Va multumim - Apera Health Group\",\"isPartOf\":{\"@id\":\"https:\/\/aperahealth.com\/ro\/#website\"},\"datePublished\":\"2024-08-20T12:53:13+00:00\",\"dateModified\":\"2025-08-06T13:37:54+00:00\",\"breadcrumb\":{\"@id\":\"https:\/\/aperahealth.com\/ro\/thank-you-ro\/#breadcrumb\"},\"inLanguage\":\"ro-RO\",\"potentialAction\":[{\"@type\":\"ReadAction\",\"target\":[\"https:\/\/aperahealth.com\/ro\/thank-you-ro\/\"]}]},{\"@type\":\"BreadcrumbList\",\"@id\":\"https:\/\/aperahealth.com\/ro\/thank-you-ro\/#breadcrumb\",\"itemListElement\":[{\"@type\":\"ListItem\",\"position\":1,\"name\":\"Home\",\"item\":\"https:\/\/aperahealth.com\/ro\/acasa-2\/\"},{\"@type\":\"ListItem\",\"position\":2,\"name\":\"Va multumim\"}]},{\"@type\":\"WebSite\",\"@id\":\"https:\/\/aperahealth.com\/ro\/#website\",\"url\":\"https:\/\/aperahealth.com\/ro\/\",\"name\":\"Apera Health Group\",\"description\":\"\",\"publisher\":{\"@id\":\"https:\/\/aperahealth.com\/ro\/#organization\"},\"potentialAction\":[{\"@type\":\"SearchAction\",\"target\":{\"@type\":\"EntryPoint\",\"urlTemplate\":\"https:\/\/aperahealth.com\/ro\/?s={search_term_string}\"},\"query-input\":{\"@type\":\"PropertyValueSpecification\",\"valueRequired\":true,\"valueName\":\"search_term_string\"}}],\"inLanguage\":\"ro-RO\"},{\"@type\":\"Organization\",\"@id\":\"https:\/\/aperahealth.com\/ro\/#organization\",\"name\":\"Apera Health Group\",\"url\":\"https:\/\/aperahealth.com\/ro\/\",\"logo\":{\"@type\":\"ImageObject\",\"inLanguage\":\"ro-RO\",\"@id\":\"https:\/\/aperahealth.com\/ro\/#\/schema\/logo\/image\/\",\"url\":\"https:\/\/aperahealth.com\/wp-content\/uploads\/2024\/06\/apera-health-group-logo.png\",\"contentUrl\":\"https:\/\/aperahealth.com\/wp-content\/uploads\/2024\/06\/apera-health-group-logo.png\",\"width\":367,\"height\":99,\"caption\":\"Apera Health Group\"},\"image\":{\"@id\":\"https:\/\/aperahealth.com\/ro\/#\/schema\/logo\/image\/\"},\"sameAs\":[\"https:\/\/www.facebook.com\/aperahealthgroup\/\",\"https:\/\/www.instagram.com\/aperahealthgroup\/\",\"https:\/\/www.youtube.com\/@aperahealthgroup\"]}]}<\/script>\n<!-- \/ Yoast SEO plugin. -->","yoast_head_json":{"title":"Va multumim - Apera Health Group","robots":{"index":"index","follow":"follow","max-snippet":"max-snippet:-1","max-image-preview":"max-image-preview:large","max-video-preview":"max-video-preview:-1"},"canonical":"https:\/\/aperahealth.com\/ro\/thank-you-ro\/","og_locale":"ro_RO","og_type":"article","og_title":"Va multumim - Apera Health Group","og_description":"V? MUL?UMESC! ,Am primit solicitarea dumneavoastr? ?i v? vom contacta n curnd la . Face?i clic pentru Whatsapp","og_url":"https:\/\/aperahealth.com\/ro\/thank-you-ro\/","og_site_name":"Apera Health Group","article_publisher":"https:\/\/www.facebook.com\/aperahealthgroup\/","article_modified_time":"2025-08-06T13:37:54+00:00","twitter_card":"summary_large_image","schema":{"@context":"https:\/\/schema.org","@graph":[{"@type":"WebPage","@id":"https:\/\/aperahealth.com\/ro\/thank-you-ro\/","url":"https:\/\/aperahealth.com\/ro\/thank-you-ro\/","name":"Va multumim - Apera Health Group","isPartOf":{"@id":"https:\/\/aperahealth.com\/ro\/#website"},"datePublished":"2024-08-20T12:53:13+00:00","dateModified":"2025-08-06T13:37:54+00:00","breadcrumb":{"@id":"https:\/\/aperahealth.com\/ro\/thank-you-ro\/#breadcrumb"},"inLanguage":"ro-RO","potentialAction":[{"@type":"ReadAction","target":["https:\/\/aperahealth.com\/ro\/thank-you-ro\/"]}]},{"@type":"BreadcrumbList","@id":"https:\/\/aperahealth.com\/ro\/thank-you-ro\/#breadcrumb","itemListElement":[{"@type":"ListItem","position":1,"name":"Home","item":"https:\/\/aperahealth.com\/ro\/acasa-2\/"},{"@type":"ListItem","position":2,"name":"Va multumim"}]},{"@type":"WebSite","@id":"https:\/\/aperahealth.com\/ro\/#website","url":"https:\/\/aperahealth.com\/ro\/","name":"Apera Health Group","description":"","publisher":{"@id":"https:\/\/aperahealth.com\/ro\/#organization"},"potentialAction":[{"@type":"SearchAction","target":{"@type":"EntryPoint","urlTemplate":"https:\/\/aperahealth.com\/ro\/?s={search_term_string}"},"query-input":{"@type":"PropertyValueSpecification","valueRequired":true,"valueName":"search_term_string"}}],"inLanguage":"ro-RO"},{"@type":"Organization","@id":"https:\/\/aperahealth.com\/ro\/#organization","name":"Apera Health Group","url":"https:\/\/aperahealth.com\/ro\/","logo":{"@type":"ImageObject","inLanguage":"ro-RO","@id":"https:\/\/aperahealth.com\/ro\/#\/schema\/logo\/image\/","url":"https:\/\/aperahealth.com\/wp-content\/uploads\/2024\/06\/apera-health-group-logo.png","contentUrl":"https:\/\/aperahealth.com\/wp-content\/uploads\/2024\/06\/apera-health-group-logo.png","width":367,"height":99,"caption":"Apera Health Group"},"image":{"@id":"https:\/\/aperahealth.com\/ro\/#\/schema\/logo\/image\/"},"sameAs":["https:\/\/www.facebook.com\/aperahealthgroup\/","https:\/\/www.instagram.com\/aperahealthgroup\/","https:\/\/www.youtube.com\/@aperahealthgroup"]}]}},"_links":{"self":[{"href":"https:\/\/aperahealth.com\/ro\/wp-json\/wp\/v2\/pages\/13703","targetHints":{"allow":["GET"]}}],"collection":[{"href":"https:\/\/aperahealth.com\/ro\/wp-json\/wp\/v2\/pages"}],"about":[{"href":"https:\/\/aperahealth.com\/ro\/wp-json\/wp\/v2\/types\/page"}],"author":[{"embeddable":true,"href":"https:\/\/aperahealth.com\/ro\/wp-json\/wp\/v2\/users\/1"}],"replies":[{"embeddable":true,"href":"https:\/\/aperahealth.com\/ro\/wp-json\/wp\/v2\/comments?post=13703"}],"version-history":[{"count":2,"href":"https:\/\/aperahealth.com\/ro\/wp-json\/wp\/v2\/pages\/13703\/revisions"}],"predecessor-version":[{"id":15082,"href":"https:\/\/aperahealth.com\/ro\/wp-json\/wp\/v2\/pages\/13703\/revisions\/15082"}],"wp:attachment":[{"href":"https:\/\/aperahealth.com\/ro\/wp-json\/wp\/v2\/media?parent=13703"}],"curies":[{"name":"wp","href":"https:\/\/api.w.org\/{rel}","templated":true}]}}